{"id":44,"date":"2015-02-17T17:04:52","date_gmt":"2015-02-17T16:04:52","guid":{"rendered":"http:\/\/autodemolizionirecchia.com\/?page_id=44"},"modified":"2015-02-17T17:04:52","modified_gmt":"2015-02-17T16:04:52","slug":"lazienda","status":"publish","type":"page","link":"https:\/\/www.autodemolizionirecchia.com\/?page_id=44","title":{"rendered":"L&#8217;azienda"},"content":{"rendered":"<p>L&#8217;Autorecuperi Fratelli Recchia \u00e8 un punto di riferimento in zona per la qualit\u00e0 di servizi offerti e l&#8217;alta professionalit\u00e0 del personale dipendente, sempre in grado di offrire una consulenza specializzata in merito al corretto smaltimento di rottami e metalli.<\/p>\n<p>Il servizi di rottamazione auto, moto e altri veicoli come autocarri o mezzi commerciali \u00e8 eseguito nel pieno rispetto di ogni normativa vigente che regolamenti lo smaltimento di rifiuti e il trattamento di metalli.<\/p>\n","protected":false},"excerpt":{"rendered":"<p>L&#8217;Autorecuperi Fratelli Recchia \u00e8 un punto di riferimento in zona per la qualit\u00e0 di servizi offerti e l&#8217;alta professionalit\u00e0 del personale dipendente, sempre in grado di offrire una consulenza specializzata in merito al corretto smaltimento di rottami e metalli. Il servizi di rottamazione auto, moto e altri veicoli come autocarri o mezzi commerciali \u00e8 eseguito [&hellip;]<\/p>\n","protected":false},"author":1,"featured_media":0,"parent":0,"menu_order":0,"comment_status":"open","ping_status":"open","template":"","meta":[],"_links":{"self":[{"href":"https:\/\/www.autodemolizionirecchia.com\/index.php?rest_route=\/wp\/v2\/pages\/44"}],"collection":[{"href":"https:\/\/www.autodemolizionirecchia.com\/index.php?rest_route=\/wp\/v2\/pages"}],"about":[{"href":"https:\/\/www.autodemolizionirecchia.com\/index.php?rest_route=\/wp\/v2\/types\/page"}],"author":[{"embeddable":true,"href":"https:\/\/www.autodemolizionirecchia.com\/index.php?rest_route=\/wp\/v2\/users\/1"}],"replies":[{"embeddable":true,"href":"https:\/\/www.autodemolizionirecchia.com\/index.php?rest_route=%2Fwp%2Fv2%2Fcomments&post=44"}],"version-history":[{"count":1,"href":"https:\/\/www.autodemolizionirecchia.com\/index.php?rest_route=\/wp\/v2\/pages\/44\/revisions"}],"predecessor-version":[{"id":45,"href":"https:\/\/www.autodemolizionirecchia.com\/index.php?rest_route=\/wp\/v2\/pages\/44\/revisions\/45"}],"wp:attachment":[{"href":"https:\/\/www.autodemolizionirecchia.com\/index.php?rest_route=%2Fwp%2Fv2%2Fmedia&parent=44"}],"curies":[{"name":"wp","href":"https:\/\/api.w.org\/{rel}","templated":true}]}}